{"id":37,"date":"2019-09-23T16:01:09","date_gmt":"2019-09-23T14:01:09","guid":{"rendered":"http:\/\/tonis-trueffel.com\/?page_id=37"},"modified":"2019-10-11T18:09:29","modified_gmt":"2019-10-11T16:09:29","slug":"verpackungsinformationen","status":"publish","type":"page","link":"http:\/\/tonis-trueffel.com\/?page_id=37","title":{"rendered":"Verpackungsinformationen"},"content":{"rendered":"<p><strong>Spezial &#8211; Verpackungen f\u00fcr Frische und Tiefk\u00fchlprodukte <\/strong><\/p>\n<p>F\u00fcr Frischwaren oder Tiefk\u00fchlprodukte verwenden wir Isolier-Kartons mit einer starken Styroporschicht. Zur K\u00fchlung werden K\u00fchlakkus oder Trockeneis verwendet. <\/p>\n<p>Zus\u00e4tzlich werden diese Produkte mit einer Holzwolle verpackt. Dies sorgt f\u00fcr Schutz beim Transport und die K\u00fchlakkus\/Trockeneis k\u00f6nnen somit nicht direkt an das Produkt gelangen und dessen Qualit\u00e4t beeinflussen.<\/p>\n<p>Die K\u00fchlakkus oder das Trockeneis gew\u00e4hrleisten eine nach HACCP-Verordnung vorgeschriebenen Temperatur in der Styroporbox von mindestens 36 Stunden.<\/p>\n","protected":false},"excerpt":{"rendered":"<p>Spezial &#8211; Verpackungen f\u00fcr Frische und Tiefk\u00fchlprodukte <\/p>\n<p>F\u00fcr Frischwaren oder Tiefk\u00fchlprodukte verwenden wir Isolier-Kartons mit einer starken Styroporschicht. Zur K\u00fchlung werden K\u00fchlakkus oder Trockeneis verwendet. <\/p>\n<p>Zus\u00e4tzlich werden diese Produkte mit einer Holzwolle verpackt. Dies sorgt f\u00fcr Schutz beim Transport und die K\u00fchlakkus\/Trockeneis k\u00f6nnen somit nicht direkt an das Produkt gelangen und dessen Qualit\u00e4t beeinflussen.<\/p>\n<p>Die K\u00fchlakkus oder das Trockeneis gew\u00e4hrleisten eine nach HACCP-Verordnung vorgeschriebenen Temperatur in der Styroporbox von mindestens 36 Stunden.<\/p>\n","protected":false},"author":2,"featured_media":0,"parent":0,"menu_order":6,"comment_status":"closed","ping_status":"closed","template":"","meta":[],"categories":[],"tags":[],"_links":{"self":[{"href":"http:\/\/tonis-trueffel.com\/index.php?rest_route=\/wp\/v2\/pages\/37"}],"collection":[{"href":"http:\/\/tonis-trueffel.com\/index.php?rest_route=\/wp\/v2\/pages"}],"about":[{"href":"http:\/\/tonis-trueffel.com\/index.php?rest_route=\/wp\/v2\/types\/page"}],"author":[{"embeddable":true,"href":"http:\/\/tonis-trueffel.com\/index.php?rest_route=\/wp\/v2\/users\/2"}],"replies":[{"embeddable":true,"href":"http:\/\/tonis-trueffel.com\/index.php?rest_route=%2Fwp%2Fv2%2Fcomments&post=37"}],"version-history":[{"count":3,"href":"http:\/\/tonis-trueffel.com\/index.php?rest_route=\/wp\/v2\/pages\/37\/revisions"}],"predecessor-version":[{"id":152,"href":"http:\/\/tonis-trueffel.com\/index.php?rest_route=\/wp\/v2\/pages\/37\/revisions\/152"}],"wp:attachment":[{"href":"http:\/\/tonis-trueffel.com\/index.php?rest_route=%2Fwp%2Fv2%2Fmedia&parent=37"}],"wp:term":[{"taxonomy":"category","embeddable":true,"href":"http:\/\/tonis-trueffel.com\/index.php?rest_route=%2Fwp%2Fv2%2Fcategories&post=37"},{"taxonomy":"post_tag","embeddable":true,"href":"http:\/\/tonis-trueffel.com\/index.php?rest_route=%2Fwp%2Fv2%2Ftags&post=37"}],"curies":[{"name":"wp","href":"https:\/\/api.w.org\/{rel}","templated":true}]}}