{"id":142,"date":"2019-09-30T15:57:04","date_gmt":"2019-09-30T13:57:04","guid":{"rendered":"http:\/\/tonis-trueffel.com\/?page_id=142"},"modified":"2019-10-11T18:09:47","modified_gmt":"2019-10-11T16:09:47","slug":"streitschlichtungsverfahren","status":"publish","type":"page","link":"https:\/\/tonis-trueffel.com\/?page_id=142","title":{"rendered":"Streitschlichtungsverfahren"},"content":{"rendered":"<p>Die EU-Kommission stellt eine Plattform f\u00fcr au\u00dfergerichtliche Streitschlichtung bereit. Verbrauchern gibt dies k\u00fcnftig die M\u00f6glichkeit, Streitigkeiten im Zusammenhang mit ihrer Online-Bestellung zun\u00e4chst au\u00dfergerichtlich zu kl\u00e4ren.<br \/>\nDie Streitbeilegungs-Plattform finden Sie hier: <a href=\"https:\/\/ec.europa.eu\/consumers\/odr\/\" rel=\"noopener noreferrer\" target=\"_blank\">https:\/\/ec.europa.eu\/consumers\/odr\/<\/a><\/p>\n","protected":false},"excerpt":{"rendered":"<p>Die EU-Kommission stellt eine Plattform f\u00fcr au\u00dfergerichtliche Streitschlichtung bereit. Verbrauchern gibt dies k\u00fcnftig die M\u00f6glichkeit, Streitigkeiten im Zusammenhang mit ihrer Online-Bestellung zun\u00e4chst au\u00dfergerichtlich zu kl\u00e4ren.<br \/>\nDie Streitbeilegungs-Plattform finden Sie hier: <a href=\"https:\/\/ec.europa.eu\/consumers\/odr\/\" rel=\"noopener noreferrer\" target=\"_blank\">https:\/\/ec.europa.eu\/consumers\/odr\/<\/a><\/p>\n","protected":false},"author":2,"featured_media":0,"parent":0,"menu_order":11,"comment_status":"closed","ping_status":"closed","template":"","meta":[],"categories":[],"tags":[],"_links":{"self":[{"href":"https:\/\/tonis-trueffel.com\/index.php?rest_route=\/wp\/v2\/pages\/142"}],"collection":[{"href":"https:\/\/tonis-trueffel.com\/index.php?rest_route=\/wp\/v2\/pages"}],"about":[{"href":"https:\/\/tonis-trueffel.com\/index.php?rest_route=\/wp\/v2\/types\/page"}],"author":[{"embeddable":true,"href":"https:\/\/tonis-trueffel.com\/index.php?rest_route=\/wp\/v2\/users\/2"}],"replies":[{"embeddable":true,"href":"https:\/\/tonis-trueffel.com\/index.php?rest_route=%2Fwp%2Fv2%2Fcomments&post=142"}],"version-history":[{"count":3,"href":"https:\/\/tonis-trueffel.com\/index.php?rest_route=\/wp\/v2\/pages\/142\/revisions"}],"predecessor-version":[{"id":146,"href":"https:\/\/tonis-trueffel.com\/index.php?rest_route=\/wp\/v2\/pages\/142\/revisions\/146"}],"wp:attachment":[{"href":"https:\/\/tonis-trueffel.com\/index.php?rest_route=%2Fwp%2Fv2%2Fmedia&parent=142"}],"wp:term":[{"taxonomy":"category","embeddable":true,"href":"https:\/\/tonis-trueffel.com\/index.php?rest_route=%2Fwp%2Fv2%2Fcategories&post=142"},{"taxonomy":"post_tag","embeddable":true,"href":"https:\/\/tonis-trueffel.com\/index.php?rest_route=%2Fwp%2Fv2%2Ftags&post=142"}],"curies":[{"name":"wp","href":"https:\/\/api.w.org\/{rel}","templated":true}]}}