{"id":31,"date":"2019-09-23T16:00:05","date_gmt":"2019-09-23T14:00:05","guid":{"rendered":"http:\/\/tonis-trueffel.com\/?page_id=31"},"modified":"2020-09-29T21:20:54","modified_gmt":"2020-09-29T19:20:54","slug":"uber-uns","status":"publish","type":"page","link":"https:\/\/tonis-trueffel.com\/?page_id=31","title":{"rendered":"\u00dcber uns"},"content":{"rendered":"<p><strong>Frische Tr\u00fcffel bei Toni<\/strong><\/p>\n<p>Jetzt bei Toni\u2019s Tr\u00fcffel: ganzj\u00e4hrig frischer Tr\u00fcffel, direkt aus Isrtien(Kroatien) auf Ihren Tisch! Ob Sommer, Herbst, Winter oder sogar wei\u00dfer Albatr\u00fcffel, die Toni\u2018s Einkaufsteams sind f\u00fcr Sie jetzt ganzj\u00e4hrig da. T\u00e4gliche Lieferungen aus den besten Tr\u00fcffelregion und unser gek\u00fchlter Premium-Frische Versand sorgen f\u00fcr optimales Aroma und Qualit\u00e4t auf Ihrem Teller. Wegen dieses Qualit\u00e4ts- und Frischeversprechens legen wir nie gro\u00dfe Mengen der edlen Knolle auf Lager. So stellen wir sicher niemals &#8222;alte&#8220; Ware auszuliefern. Bitte beachten Sie deshalb das Datum der n\u00e4chsten Lieferung. So k\u00f6nnen Sie Ihren Tr\u00fcffelgenuss perfekt planen.<\/p>\n\n\t\t<ul id='gallery-1' class='block gallery gallery-1'><li class='gallery_item'>\r\n            <div class='gallery_box'>\r\n                <a data-lightbox=\"gallery-1\" href='https:\/\/tonis-trueffel.com\/wp-content\/uploads\/2019\/09\/white-1.jpg'><img width=\"450\" height=\"450\" src=\"https:\/\/tonis-trueffel.com\/wp-content\/uploads\/2019\/09\/white-1-450x450.jpg\" class=\"attachment-thumbnail size-thumbnail\" alt=\"\" loading=\"lazy\" srcset=\"https:\/\/tonis-trueffel.com\/wp-content\/uploads\/2019\/09\/white-1-450x450.jpg 450w, https:\/\/tonis-trueffel.com\/wp-content\/uploads\/2019\/09\/white-1-300x300.jpg 300w, https:\/\/tonis-trueffel.com\/wp-content\/uploads\/2019\/09\/white-1-100x100.jpg 100w\" sizes=\"(max-width: 450px) 100vw, 450px\" \/><\/a>\r\n            <\/div><\/li><li class='gallery_item'>\r\n            <div class='gallery_box'>\r\n                <a data-lightbox=\"gallery-1\" href='https:\/\/tonis-trueffel.com\/wp-content\/uploads\/2019\/09\/white-2.jpg'><img width=\"450\" height=\"450\" src=\"https:\/\/tonis-trueffel.com\/wp-content\/uploads\/2019\/09\/white-2-450x450.jpg\" class=\"attachment-thumbnail size-thumbnail\" alt=\"\" loading=\"lazy\" srcset=\"https:\/\/tonis-trueffel.com\/wp-content\/uploads\/2019\/09\/white-2-450x450.jpg 450w, https:\/\/tonis-trueffel.com\/wp-content\/uploads\/2019\/09\/white-2-300x300.jpg 300w, https:\/\/tonis-trueffel.com\/wp-content\/uploads\/2019\/09\/white-2-100x100.jpg 100w\" sizes=\"(max-width: 450px) 100vw, 450px\" \/><\/a>\r\n            <\/div><\/li><li class='gallery_item'>\r\n            <div class='gallery_box'>\r\n                <a data-lightbox=\"gallery-1\" href='https:\/\/tonis-trueffel.com\/wp-content\/uploads\/2019\/09\/white-4.jpg'><img width=\"450\" height=\"450\" src=\"https:\/\/tonis-trueffel.com\/wp-content\/uploads\/2019\/09\/white-4-450x450.jpg\" class=\"attachment-thumbnail size-thumbnail\" alt=\"\" loading=\"lazy\" srcset=\"https:\/\/tonis-trueffel.com\/wp-content\/uploads\/2019\/09\/white-4-450x450.jpg 450w, https:\/\/tonis-trueffel.com\/wp-content\/uploads\/2019\/09\/white-4-300x300.jpg 300w, https:\/\/tonis-trueffel.com\/wp-content\/uploads\/2019\/09\/white-4-100x100.jpg 100w\" sizes=\"(max-width: 450px) 100vw, 450px\" \/><\/a>\r\n            <\/div><\/li><li class='gallery_item'>\r\n            <div class='gallery_box'>\r\n                <a data-lightbox=\"gallery-1\" href='https:\/\/tonis-trueffel.com\/wp-content\/uploads\/2019\/09\/white-3.jpg'><img width=\"450\" height=\"450\" src=\"https:\/\/tonis-trueffel.com\/wp-content\/uploads\/2019\/09\/white-3-450x450.jpg\" class=\"attachment-thumbnail size-thumbnail\" alt=\"\" loading=\"lazy\" srcset=\"https:\/\/tonis-trueffel.com\/wp-content\/uploads\/2019\/09\/white-3-450x450.jpg 450w, https:\/\/tonis-trueffel.com\/wp-content\/uploads\/2019\/09\/white-3-300x300.jpg 300w, https:\/\/tonis-trueffel.com\/wp-content\/uploads\/2019\/09\/white-3-100x100.jpg 100w\" sizes=\"(max-width: 450px) 100vw, 450px\" \/><\/a>\r\n            <\/div><\/li><li class='gallery_item'>\r\n            <div class='gallery_box'>\r\n                <a data-lightbox=\"gallery-1\" href='https:\/\/tonis-trueffel.com\/wp-content\/uploads\/2019\/09\/sommer_truffel_4.jpg'><img width=\"450\" height=\"450\" src=\"https:\/\/tonis-trueffel.com\/wp-content\/uploads\/2019\/09\/sommer_truffel_4-450x450.jpg\" class=\"attachment-thumbnail size-thumbnail\" alt=\"\" loading=\"lazy\" srcset=\"https:\/\/tonis-trueffel.com\/wp-content\/uploads\/2019\/09\/sommer_truffel_4-450x450.jpg 450w, https:\/\/tonis-trueffel.com\/wp-content\/uploads\/2019\/09\/sommer_truffel_4-300x300.jpg 300w, https:\/\/tonis-trueffel.com\/wp-content\/uploads\/2019\/09\/sommer_truffel_4-100x100.jpg 100w\" sizes=\"(max-width: 450px) 100vw, 450px\" \/><\/a>\r\n            <\/div><\/li><li class='gallery_item'>\r\n            <div class='gallery_box'>\r\n                <a data-lightbox=\"gallery-1\" href='https:\/\/tonis-trueffel.com\/wp-content\/uploads\/2019\/09\/sommer_truffel_1.jpg'><img width=\"450\" height=\"450\" src=\"https:\/\/tonis-trueffel.com\/wp-content\/uploads\/2019\/09\/sommer_truffel_1-450x450.jpg\" class=\"attachment-thumbnail size-thumbnail\" alt=\"\" loading=\"lazy\" srcset=\"https:\/\/tonis-trueffel.com\/wp-content\/uploads\/2019\/09\/sommer_truffel_1-450x450.jpg 450w, https:\/\/tonis-trueffel.com\/wp-content\/uploads\/2019\/09\/sommer_truffel_1-300x300.jpg 300w, https:\/\/tonis-trueffel.com\/wp-content\/uploads\/2019\/09\/sommer_truffel_1-100x100.jpg 100w\" sizes=\"(max-width: 450px) 100vw, 450px\" \/><\/a>\r\n            <\/div><\/li><li class='gallery_item'>\r\n            <div class='gallery_box'>\r\n                <a data-lightbox=\"gallery-1\" href='https:\/\/tonis-trueffel.com\/wp-content\/uploads\/2019\/09\/test-img-3.jpg'><img width=\"450\" height=\"450\" src=\"https:\/\/tonis-trueffel.com\/wp-content\/uploads\/2019\/09\/test-img-3-450x450.jpg\" class=\"attachment-thumbnail size-thumbnail\" alt=\"\" loading=\"lazy\" srcset=\"https:\/\/tonis-trueffel.com\/wp-content\/uploads\/2019\/09\/test-img-3-450x450.jpg 450w, https:\/\/tonis-trueffel.com\/wp-content\/uploads\/2019\/09\/test-img-3-300x300.jpg 300w, https:\/\/tonis-trueffel.com\/wp-content\/uploads\/2019\/09\/test-img-3-100x100.jpg 100w\" sizes=\"(max-width: 450px) 100vw, 450px\" \/><\/a>\r\n            <\/div><\/li><li class='gallery_item'>\r\n            <div class='gallery_box'>\r\n                <a data-lightbox=\"gallery-1\" href='https:\/\/tonis-trueffel.com\/wp-content\/uploads\/2019\/09\/sommer_truffel_5.jpg'><img width=\"450\" height=\"450\" src=\"https:\/\/tonis-trueffel.com\/wp-content\/uploads\/2019\/09\/sommer_truffel_5-450x450.jpg\" class=\"attachment-thumbnail size-thumbnail\" alt=\"\" loading=\"lazy\" srcset=\"https:\/\/tonis-trueffel.com\/wp-content\/uploads\/2019\/09\/sommer_truffel_5-450x450.jpg 450w, https:\/\/tonis-trueffel.com\/wp-content\/uploads\/2019\/09\/sommer_truffel_5-300x300.jpg 300w, https:\/\/tonis-trueffel.com\/wp-content\/uploads\/2019\/09\/sommer_truffel_5-100x100.jpg 100w\" sizes=\"(max-width: 450px) 100vw, 450px\" \/><\/a>\r\n            <\/div><\/li>\r\n    <br style='clear: both;' \/>\r\n    <\/ul>\n\n<p>Die kleine pikant riechende Knolle Namens Tr\u00fcffel, die nur in wenigen Gebieten auf der Welt vorkommt, z\u00e4hlt bei Gourmets zu den gastronomischen Highlights.<\/p>\n<p>Auf der Halbinsel <strong>Istrien<\/strong> im Norden von <strong>Kroatien<\/strong> herrschen ideale nat\u00fcrliche und klimatische Bedingungen f\u00fcr das Wachstum dieser wertvollen unterirdisch wachsenden Knollenpilze. Die weitl\u00e4ufigen feuchten Eichenw\u00e4lder rund um Motovun, Buzet und Livade haben sich zum Mekka f\u00fcr Tr\u00fcffelsucher erwiesen, die hier auf der Suche nach den schwarzen und wei\u00dfen istrischen Tr\u00fcffeln sind.<\/p>\n<p>Das ganze Jahr \u00fcber herrscht reges Treiben in den W\u00e4ldern rund um Motovun. Hundegebell schallt aus allen Ecken des mit Eichen ges\u00e4umten Motovuner Waldes. Die &#8222;Goldsch\u00fcrfer Istriens&#8220; nutzen bevorzugt die feinen Sp\u00fcrnasen der Hunde um die edle Knolle zu finden. Tr\u00fcffelschweine, so Toni, ein Tr\u00fcffelsucher aus Livade, haben den Nachteil, dass sie schwerer zu transportieren sind, die feine Delikatesse genauso lieben wie Menschen und gern auch mal aufessen, wenn man nicht schnell genug ist.<\/p>\n<p>Der beste Zeitraum um diese Spezialit\u00e4t an Ort und Stelle zu genie\u00dfen ist in den Herbstmonaten, denn ab September beginnt die Erntezeit f\u00fcr den wei\u00dfen Tr\u00fcffel. Gourmets k\u00f6nnen zu dieser Zeit k\u00f6stliche Gerichte auf den Tr\u00fcffelfesten, die in Livade, Buzet und Motovun stattfinden genie\u00dfen. Wer mag kann sich auch mit einem erfahrenen Tr\u00fcffelsucher auf die Suche in W\u00e4ldern von Motovun begeben.<\/p>\n","protected":false},"excerpt":{"rendered":"<p>Frische Tr\u00fcffel bei Toni<\/p>\n<p>Jetzt bei Toni\u2019s Tr\u00fcffel: ganzj\u00e4hrig frischer Tr\u00fcffel, direkt aus Isrtien(Kroatien) auf Ihren Tisch! Ob Sommer, Herbst, Winter oder sogar wei\u00dfer Albatr\u00fcffel, die Toni\u2018s Einkaufsteams sind f\u00fcr Sie jetzt ganzj\u00e4hrig da. T\u00e4gliche Lieferungen aus den besten Tr\u00fcffelregion und unser gek\u00fchlter Premium-Frische Versand sorgen f\u00fcr optimales Aroma und Qualit\u00e4t auf Ihrem Teller. Wegen dieses Qualit\u00e4ts- und Frischeversprechens legen wir nie gro\u00dfe Mengen der edlen Knolle auf Lager. So stellen wir sicher niemals &#8222;alte&#8220; Ware auszuliefern. Bitte beachten Sie deshalb das Datum der n\u00e4chsten Lieferung. So k\u00f6nnen Sie Ihren Tr\u00fcffelgenuss perfekt planen.<\/p>\n<p>Die kleine pikant riechende Knolle Namens Tr\u00fcffel, die nur in wenigen Gebieten auf der Welt vorkommt, z\u00e4hlt bei Gourmets zu den gastronomischen Highlights.<\/p>\n<p>Auf der Halbinsel Istrien im Norden von Kroatien herrschen ideale nat\u00fcrliche und klimatische Bedingungen f\u00fcr das Wachstum dieser wertvollen unterirdisch wachsenden Knollenpilze. Die weitl\u00e4ufigen feuchten Eichenw\u00e4lder rund um Motovun, Buzet und Livade haben sich zum Mekka f\u00fcr Tr\u00fcffelsucher erwiesen, die hier auf der Suche nach den schwarzen und wei\u00dfen istrischen Tr\u00fcffeln sind.<\/p>\n<p>Das ganze Jahr \u00fcber herrscht reges Treiben in den W\u00e4ldern rund um Motovun. Hundegebell schallt aus allen Ecken des mit Eichen ges\u00e4umten Motovuner Waldes. Die &#8222;Goldsch\u00fcrfer Istriens&#8220; nutzen bevorzugt die feinen Sp\u00fcrnasen der Hunde um die edle Knolle zu finden. Tr\u00fcffelschweine, so Toni, ein Tr\u00fcffelsucher aus Livade, haben den Nachteil, dass sie schwerer zu transportieren sind, die feine Delikatesse genauso lieben wie Menschen und gern auch mal aufessen, wenn man nicht schnell genug ist.<\/p>\n<p>Der beste Zeitraum um diese Spezialit\u00e4t an Ort und Stelle zu genie\u00dfen ist in den Herbstmonaten, denn ab September beginnt die Erntezeit f\u00fcr den wei\u00dfen Tr\u00fcffel. Gourmets k\u00f6nnen zu dieser Zeit k\u00f6stliche Gerichte auf den Tr\u00fcffelfesten, die in Livade, Buzet und Motovun stattfinden genie\u00dfen. Wer mag kann sich auch mit einem erfahrenen Tr\u00fcffelsucher auf die Suche in W\u00e4ldern von Motovun begeben.<\/p>\n","protected":false},"author":2,"featured_media":0,"parent":0,"menu_order":4,"comment_status":"closed","ping_status":"closed","template":"","meta":[],"categories":[],"tags":[],"_links":{"self":[{"href":"https:\/\/tonis-trueffel.com\/index.php?rest_route=\/wp\/v2\/pages\/31"}],"collection":[{"href":"https:\/\/tonis-trueffel.com\/index.php?rest_route=\/wp\/v2\/pages"}],"about":[{"href":"https:\/\/tonis-trueffel.com\/index.php?rest_route=\/wp\/v2\/types\/page"}],"author":[{"embeddable":true,"href":"https:\/\/tonis-trueffel.com\/index.php?rest_route=\/wp\/v2\/users\/2"}],"replies":[{"embeddable":true,"href":"https:\/\/tonis-trueffel.com\/index.php?rest_route=%2Fwp%2Fv2%2Fcomments&post=31"}],"version-history":[{"count":9,"href":"https:\/\/tonis-trueffel.com\/index.php?rest_route=\/wp\/v2\/pages\/31\/revisions"}],"predecessor-version":[{"id":318,"href":"https:\/\/tonis-trueffel.com\/index.php?rest_route=\/wp\/v2\/pages\/31\/revisions\/318"}],"wp:attachment":[{"href":"https:\/\/tonis-trueffel.com\/index.php?rest_route=%2Fwp%2Fv2%2Fmedia&parent=31"}],"wp:term":[{"taxonomy":"category","embeddable":true,"href":"https:\/\/tonis-trueffel.com\/index.php?rest_route=%2Fwp%2Fv2%2Fcategories&post=31"},{"taxonomy":"post_tag","embeddable":true,"href":"https:\/\/tonis-trueffel.com\/index.php?rest_route=%2Fwp%2Fv2%2Ftags&post=31"}],"curies":[{"name":"wp","href":"https:\/\/api.w.org\/{rel}","templated":true}]}}