{"id":41,"date":"2019-09-23T16:01:25","date_gmt":"2019-09-23T14:01:25","guid":{"rendered":"http:\/\/tonis-trueffel.com\/?page_id=41"},"modified":"2019-10-11T18:09:36","modified_gmt":"2019-10-11T16:09:36","slug":"versand","status":"publish","type":"page","link":"https:\/\/tonis-trueffel.com\/?page_id=41","title":{"rendered":"Versand"},"content":{"rendered":"<p><strong>Versand von K\u00fchlartikel und frische Tr\u00fcffel<\/strong><\/p>\n<p>F\u00fcr unseren Kundenversand werden die Frischeartikel zusammen mit <strong>gek\u00fchlten K\u00fchlakkus in eine Polystyrol-Box verpackt<\/strong>. Somit werden die Frischeartikel auch bei sommerlichen Au\u00dfentemperaturen bis zu 36 C\u00b0 ausreichend gek\u00fchlt sein. <\/p>\n<p>Die Lieferung erfolgt per DHL.expres<\/p>\n<p><img loading=\"lazy\" width=\"1200\" height=\"266\" src=\"http:\/\/tonis-trueffel.com\/wp-content\/uploads\/2019\/09\/dhl-1200x266.jpg\" alt=\"\" class=\"alignnone size-large wp-image-140\" srcset=\"https:\/\/tonis-trueffel.com\/wp-content\/uploads\/2019\/09\/dhl.jpg 1200w, https:\/\/tonis-trueffel.com\/wp-content\/uploads\/2019\/09\/dhl-800x177.jpg 800w, https:\/\/tonis-trueffel.com\/wp-content\/uploads\/2019\/09\/dhl-768x170.jpg 768w, https:\/\/tonis-trueffel.com\/wp-content\/uploads\/2019\/09\/dhl-600x133.jpg 600w\" sizes=\"(max-width: 1200px) 100vw, 1200px\" \/><\/p>\n<p>Die auf den Produktseiten genannten Preise enthalten die gesetzliche Mehrwertsteuer und sonstige Preisbestandteile.<\/p>\n<p><strong>Portokosten DHL Express und Nachnahmengeb\u00fchren innerhalb Deutschlands<\/strong>:<br \/>\nPauschal <strong>16,50 \u20ac<\/strong><\/p>\n","protected":false},"excerpt":{"rendered":"<p>Versand von K\u00fchlartikel und frische Tr\u00fcffel<\/p>\n<p>F\u00fcr unseren Kundenversand werden die Frischeartikel zusammen mit gek\u00fchlten K\u00fchlakkus in eine Polystyrol-Box verpackt. Somit werden die Frischeartikel auch bei sommerlichen Au\u00dfentemperaturen bis zu 36 C\u00b0 ausreichend gek\u00fchlt sein. <\/p>\n<p>Die Lieferung erfolgt per DHL.expres<\/p>\n<p><img loading=\"lazy\" width=\"1200\" height=\"266\" src=\"http:\/\/tonis-trueffel.com\/wp-content\/uploads\/2019\/09\/dhl-1200x266.jpg\" alt=\"\" class=\"alignnone size-large wp-image-140\" srcset=\"https:\/\/tonis-trueffel.com\/wp-content\/uploads\/2019\/09\/dhl.jpg 1200w, https:\/\/tonis-trueffel.com\/wp-content\/uploads\/2019\/09\/dhl-800x177.jpg 800w, https:\/\/tonis-trueffel.com\/wp-content\/uploads\/2019\/09\/dhl-768x170.jpg 768w, https:\/\/tonis-trueffel.com\/wp-content\/uploads\/2019\/09\/dhl-600x133.jpg 600w\" sizes=\"(max-width: 1200px) 100vw, 1200px\" \/><\/p>\n<p>Die auf den Produktseiten genannten Preise enthalten die gesetzliche Mehrwertsteuer und sonstige Preisbestandteile.<\/p>\n<p>Portokosten DHL Express und Nachnahmengeb\u00fchren innerhalb Deutschlands:<br \/>\nPauschal 16,50 \u20ac<\/p>\n","protected":false},"author":2,"featured_media":0,"parent":0,"menu_order":8,"comment_status":"closed","ping_status":"closed","template":"","meta":[],"categories":[],"tags":[],"_links":{"self":[{"href":"https:\/\/tonis-trueffel.com\/index.php?rest_route=\/wp\/v2\/pages\/41"}],"collection":[{"href":"https:\/\/tonis-trueffel.com\/index.php?rest_route=\/wp\/v2\/pages"}],"about":[{"href":"https:\/\/tonis-trueffel.com\/index.php?rest_route=\/wp\/v2\/types\/page"}],"author":[{"embeddable":true,"href":"https:\/\/tonis-trueffel.com\/index.php?rest_route=\/wp\/v2\/users\/2"}],"replies":[{"embeddable":true,"href":"https:\/\/tonis-trueffel.com\/index.php?rest_route=%2Fwp%2Fv2%2Fcomments&post=41"}],"version-history":[{"count":5,"href":"https:\/\/tonis-trueffel.com\/index.php?rest_route=\/wp\/v2\/pages\/41\/revisions"}],"predecessor-version":[{"id":161,"href":"https:\/\/tonis-trueffel.com\/index.php?rest_route=\/wp\/v2\/pages\/41\/revisions\/161"}],"wp:attachment":[{"href":"https:\/\/tonis-trueffel.com\/index.php?rest_route=%2Fwp%2Fv2%2Fmedia&parent=41"}],"wp:term":[{"taxonomy":"category","embeddable":true,"href":"https:\/\/tonis-trueffel.com\/index.php?rest_route=%2Fwp%2Fv2%2Fcategories&post=41"},{"taxonomy":"post_tag","embeddable":true,"href":"https:\/\/tonis-trueffel.com\/index.php?rest_route=%2Fwp%2Fv2%2Ftags&post=41"}],"curies":[{"name":"wp","href":"https:\/\/api.w.org\/{rel}","templated":true}]}}