{"id":47,"date":"2019-09-23T16:02:04","date_gmt":"2019-09-23T14:02:04","guid":{"rendered":"http:\/\/tonis-trueffel.com\/?page_id=47"},"modified":"2019-10-11T18:09:44","modified_gmt":"2019-10-11T16:09:44","slug":"agb","status":"publish","type":"page","link":"https:\/\/tonis-trueffel.com\/?page_id=47","title":{"rendered":"Allgemeine Gesch\u00e4ftsbedingunge"},"content":{"rendered":"<h4>1. Geltungsbereich<\/h4>\n<p>F\u00fcr alle Bestellungen \u00fcber unseren Online-Shop durch Verbraucher und Unternehmer gelten die nachfolgenden AGB.<\/p>\n<p>Verbraucher ist jede nat\u00fcrliche Person, die ein Rechtsgesch\u00e4ft zu Zwecken abschlie\u00dft, die \u00fcberwiegend weder ihrer gewerblichen noch ihrer selbst\u00e4ndigen beruflichen T\u00e4tigkeit zugerechnet werden k\u00f6nnen. Unternehmer ist eine nat\u00fcrliche oder juristische Person oder eine rechtsf\u00e4hige Personengesellschaft, die bei Abschluss eines Rechtsgesch\u00e4fts in Aus\u00fcbung ihrer gewerblichen oder selbst\u00e4ndigen beruflichen T\u00e4tigkeit handelt.<\/p>\n<p>Gegen\u00fcber Unternehmern gelten diese AGB auch f\u00fcr k\u00fcnftige Gesch\u00e4ftsbeziehungen, ohne dass wir nochmals auf sie hinweisen m\u00fcssten. Verwendet der Unternehmer entgegenstehende oder erg\u00e4nzende Allgemeine Gesch\u00e4ftsbedingungen, wird deren Geltung hiermit widersprochen; sie werden nur dann Vertragsbestandteil, wenn wir dem ausdr\u00fccklich zugestimmt haben.<\/p>\n<h6>2. Vertragspartner, Vertragsschluss<\/h6>\n<p>Der Kaufvertrag kommt zustande mit Toni s Tr\u00fcffel.<\/p>\n<p>Mit Einstellung der Produkte in den Online-Shop geben wir ein verbindliches Angebot zum Vertragsschluss \u00fcber diese Artikel ab. Sie k\u00f6nnen unsere Produkte zun\u00e4chst unverbindlich in den Warenkorb legen und Ihre Eingaben vor Absenden Ihrer verbindlichen Bestellung jederzeit korrigieren, indem Sie die hierf\u00fcr im Bestellablauf vorgesehenen und erl\u00e4uterten Korrekturhilfen nutzen. Der Vertrag kommt zustande, indem Sie durch Anklicken des Bestellbuttons das Angebot \u00fcber die im Warenkorb enthaltenen Waren annehmen. Unmittelbar nach dem Absenden der Bestellung erhalten Sie noch einmal eine Best\u00e4tigung per E-Mail.<\/p>\n<p>Ein bindender Vertrag kann auch bereits zuvor wie folgt zustande kommen:<\/p>\n<ul>\n<li>Wenn Sie die Zahlungsart PayPal gew\u00e4hlt haben, kommt der Vertrag zum Zeitpunkt Ihrer Best\u00e4tigung der Zahlungsanweisung an PayPal zustande.<\/li>\n<\/ul>\n<p>Die f\u00fcr den Vertragsschluss zur Verf\u00fcgung stehende Sprache ist Deutsch.<\/p>\n<p>Wir speichern den Vertragstext und senden Ihnen die Bestelldaten und unsere AGB per E-Mail zu. Die AGB k\u00f6nnen Sie jederzeit auch hier auf dieser Seite einsehen. Ihre vergangenen Bestellungen sind aus Sicherheitsgr\u00fcnden nicht mehr \u00fcber das Internet zug\u00e4nglich.<\/p>\n<h6>3. Lieferbedingungen<\/h6>\n<p>Zuz\u00fcglich zu den angegebenen Produktpreisen kommen noch Versandkosten hinzu. N\u00e4heres zur H\u00f6he der Versandkosten erfahren Sie bei den Angeboten.<br \/>\nSie haben grunds\u00e4tzlich die M\u00f6glichkeit der Abholung bei<\/p>\n<p><strong>Toni s Tr\u00fcffel groshandel<br \/>\nJosef G\u00f6tz Str 12<br \/>\n84034 Landshut<\/strong><\/p>\n<p>nach telefonischer Vereinbarung.<br \/>\nWir liefern nicht an Packstationen.<\/p>\n<h6>4. Bezahlung<\/h6>\n<p>In unserem Shop stehen Ihnen die folgenden Zahlungsarten zur Verf\u00fcgung:<\/p>\n<p><strong>Vorkasse<\/strong><br \/>\nBei Auswahl der Zahlungsart Vorkasse nennen wir Ihnen unsere Bankverbindung in der Auftragsbest\u00e4tigung und liefern die Ware nach Zahlungseingang.<\/p>\n<p><strong>Paypal<\/strong><br \/>\nSie bezahlen den Rechnungsbetrag \u00fcber den Online-Anbieter Paypal. Sie m\u00fcssen grunds\u00e4tzlich dort registriert sein bzw. sich erst registrieren, mit Ihren Zugangsdaten legitimieren und die Zahlungsanweisung an uns best\u00e4tigen. Weitere Hinweise erhalten Sie beim Bestellvorgang.<\/p>\n<p><strong>Rechnung<\/strong><\/p>\n<p><strong>Barzahlung bei Abholung<\/strong><br \/>\nSie k\u00f6nnen Ihre Ware bei der Abholung bar bezahlen.<\/p>\n<h6>5. Widerrufsrecht<\/h6>\n<p>Verbrauchern steht das gesetzliche Widerrufsrecht wie in der Widerrufsbelehrung beschrieben zu. Unternehmern wird kein freiwilliges Widerrufsrecht einger\u00e4umt.<\/p>\n<h6>6. Eigentumsvorbehalt<\/h6>\n<p>Die Ware bleibt bis zur vollst\u00e4ndigen Bezahlung unser Eigentum.<\/p>\n<p>F\u00fcr Unternehmer gilt erg\u00e4nzend: Wir behalten uns das Eigentum an der Ware bis zur vollst\u00e4ndigen Begleichung aller Forderungen aus einer laufenden Gesch\u00e4ftsbeziehung vor. Sie d\u00fcrfen die Vorbehaltsware im ordentlichen Gesch\u00e4ftsbetrieb weiterver\u00e4u\u00dfern; s\u00e4mtliche aus diesem Weiterverkauf entstehenden Forderungen treten Sie \u2013 unabh\u00e4ngig von einer Verbindung oder Vermischung der Vorbehaltsware mit einer neuen Sache &#8211; in H\u00f6he des Rechnungsbetrages an uns im Voraus ab, und wir nehmen diese Abtretung an. Sie bleiben zur Einziehung der Forderungen erm\u00e4chtigt, wir d\u00fcrfen Forderungen jedoch auch selbst einziehen, soweit Sie Ihren Zahlungsverpflichtungen nicht nachkommen.<\/p>\n<h6>7. Gew\u00e4hrleistung und Garantien<\/h6>\n<p>Es gilt das gesetzliche M\u00e4ngelhaftungsrecht. Informationen zu gegebenenfalls geltenden zus\u00e4tzlichen Garantien und deren genaue Bedingungen finden Sie jeweils beim Produkt und auf besonderen Informationsseiten im Shop.<\/p>\n<h6>8. Haftung<\/h6>\n<p>F\u00fcr Anspr\u00fcche aufgrund von Sch\u00e4den, die durch uns, unsere gesetzlichen Vertreter oder Erf\u00fcllungsgehilfen verursacht wurden, haften wir stets unbeschr\u00e4nkt<\/p>\n<ul>\n<li>bei Verletzung des Lebens, des K\u00f6rpers oder der Gesundheit<\/li>\n<li>bei vors\u00e4tzlicher oder grob fahrl\u00e4ssiger Pflichtverletzung<\/li>\n<li>bei Garantieversprechen, soweit vereinbart<\/li>\n<li>soweit der Anwendungsbereich des Produkthaftungsgesetzes er\u00f6ffnet ist.<\/li>\n<\/ul>\n<p>Bei Verletzung wesentlicher Vertragspflichten, deren Erf\u00fcllung die ordnungsgem\u00e4\u00dfe Durchf\u00fchrung des Vertrages \u00fcberhaupt erst erm\u00f6glicht und auf deren Einhaltung der Vertragspartner regelm\u00e4\u00dfig vertrauen darf (Kardinalpflichten) durch leichte Fahrl\u00e4ssigkeit von uns, unseren gesetzlichen Vertretern oder Erf\u00fcllungsgehilfen ist die Haftung der H\u00f6he nach auf den bei Vertragsschluss vorhersehbaren Schaden begrenzt, mit dessen Entstehung typischerweise gerechnet werden muss.<\/p>\n<p>Im \u00dcbrigen sind Anspr\u00fcche auf Schadensersatz ausgeschlossen.<\/p>\n<h6>9. Online-Streitbeilegung<\/h6>\n<p>Online-Streitbeilegung gem\u00e4\u00df Art. 14 Abs. 1 ODR-VO: Die Europ\u00e4ische Kommission stellt eine Plattform zur Online-Streitbeilegung (OS) bereit, die Sie unter <a href=\"http:\/\/ec.europa.eu\/consumers\/odr\/\" rel=\"noopener noreferrer\" target=\"_blank\">http:\/\/ec.europa.eu\/consumers\/odr\/<\/a> finden.<\/p>\n<h6>10. Schlussbestimmungen<\/h6>\n<p>Sind Sie Unternehmer, dann gilt deutsches Recht unter Ausschluss des UN-Kaufrechts.<\/p>\n<p>Sind Sie Kaufmann im Sinne des Handelsgesetzbuches, juristische Person des \u00f6ffentlichen Rechts oder \u00f6ffentlich-rechtliches Sonderverm\u00f6gen, ist ausschlie\u00dflicher Gerichtsstand f\u00fcr alle Streitigkeiten aus Vertragsverh\u00e4ltnissen zwischen uns und Ihnen unser Gesch\u00e4ftssitz.<\/p>\n","protected":false},"excerpt":{"rendered":"<p>1. Geltungsbereich<\/p>\n<p>F\u00fcr alle Bestellungen \u00fcber unseren Online-Shop durch Verbraucher und Unternehmer gelten die nachfolgenden AGB.<\/p>\n<p>Verbraucher ist jede nat\u00fcrliche Person, die ein Rechtsgesch\u00e4ft zu Zwecken abschlie\u00dft, die \u00fcberwiegend weder ihrer gewerblichen noch ihrer selbst\u00e4ndigen beruflichen T\u00e4tigkeit zugerechnet werden k\u00f6nnen. Unternehmer ist eine nat\u00fcrliche oder juristische Person oder eine rechtsf\u00e4hige Personengesellschaft, die bei Abschluss eines Rechtsgesch\u00e4fts in Aus\u00fcbung ihrer gewerblichen oder selbst\u00e4ndigen beruflichen T\u00e4tigkeit handelt.<\/p>\n<p>Gegen\u00fcber Unternehmern gelten diese AGB auch f\u00fcr k\u00fcnftige Gesch\u00e4ftsbeziehungen, ohne dass wir nochmals auf sie hinweisen m\u00fcssten. Verwendet der Unternehmer entgegenstehende oder erg\u00e4nzende Allgemeine Gesch\u00e4ftsbedingungen, wird deren Geltung hiermit widersprochen; sie werden nur dann Vertragsbestandteil, wenn wir dem ausdr\u00fccklich zugestimmt haben.<\/p>\n<p>2. Vertragspartner, Vertragsschluss<\/p>\n<p>Der Kaufvertrag kommt zustande mit Toni s Tr\u00fcffel.<\/p>\n<p>Mit Einstellung der Produkte in den Online-Shop geben wir ein verbindliches Angebot zum Vertragsschluss \u00fcber diese Artikel ab. Sie k\u00f6nnen unsere Produkte zun\u00e4chst unverbindlich in den Warenkorb legen und Ihre Eingaben vor Absenden Ihrer verbindlichen Bestellung jederzeit korrigieren, indem Sie die hierf\u00fcr im Bestellablauf vorgesehenen und erl\u00e4uterten Korrekturhilfen nutzen. Der Vertrag kommt zustande, indem Sie durch Anklicken des Bestellbuttons das Angebot \u00fcber die im Warenkorb enthaltenen Waren annehmen. Unmittelbar nach dem Absenden der Bestellung erhalten Sie noch einmal eine Best\u00e4tigung per E-Mail.<\/p>\n<p>Ein bindender Vertrag kann auch bereits zuvor wie folgt zustande kommen:<\/p>\n<ul>\n<li>Wenn Sie die Zahlungsart PayPal gew\u00e4hlt haben, kommt der Vertrag zum Zeitpunkt Ihrer Best\u00e4tigung der Zahlungsanweisung an PayPal zustande.<\/li>\n<\/ul>\n<p>Die f\u00fcr den Vertragsschluss zur Verf\u00fcgung stehende Sprache ist Deutsch.<\/p>\n<p>Wir speichern den Vertragstext und senden Ihnen die Bestelldaten und unsere AGB per E-Mail zu. Die AGB k\u00f6nnen Sie jederzeit auch hier auf dieser Seite einsehen. Ihre vergangenen Bestellungen sind aus Sicherheitsgr\u00fcnden nicht mehr \u00fcber das Internet zug\u00e4nglich.<\/p>\n<p>3. Lieferbedingungen<\/p>\n<p>Zuz\u00fcglich zu den angegebenen Produktpreisen kommen noch Versandkosten hinzu. N\u00e4heres zur H\u00f6he der Versandkosten erfahren Sie bei den Angeboten.<br \/>\nSie haben grunds\u00e4tzlich die M\u00f6glichkeit der Abholung bei<\/p>\n<p>Toni s Tr\u00fcffel groshandel<br \/>\nJosef G\u00f6tz Str 12<br \/>\n84034 Landshut<\/p>\n<p>nach telefonischer Vereinbarung.<br \/>\nWir liefern nicht an Packstationen.<\/p>\n<p>4. Bezahlung<\/p>\n<p>In unserem Shop stehen Ihnen die folgenden Zahlungsarten zur Verf\u00fcgung:<\/p>\n<p>Vorkasse<br \/>\nBei Auswahl der Zahlungsart Vorkasse nennen wir Ihnen unsere Bankverbindung in der Auftragsbest\u00e4tigung und liefern die Ware nach Zahlungseingang.<\/p>\n<p>Paypal<br \/>\nSie bezahlen den Rechnungsbetrag \u00fcber den Online-Anbieter Paypal. Sie m\u00fcssen grunds\u00e4tzlich dort registriert sein bzw. sich erst registrieren, mit Ihren Zugangsdaten legitimieren und die Zahlungsanweisung an uns best\u00e4tigen. Weitere Hinweise erhalten Sie beim Bestellvorgang.<\/p>\n<p>Rechnung<\/p>\n<p>Barzahlung bei Abholung<br \/>\nSie k\u00f6nnen Ihre Ware bei der Abholung bar bezahlen.<\/p>\n<p>5. Widerrufsrecht<\/p>\n<p>Verbrauchern steht das gesetzliche Widerrufsrecht wie in der Widerrufsbelehrung beschrieben zu. Unternehmern wird kein freiwilliges Widerrufsrecht einger\u00e4umt.<\/p>\n<p>6. Eigentumsvorbehalt<\/p>\n<p>Die Ware bleibt bis zur vollst\u00e4ndigen Bezahlung unser Eigentum.<\/p>\n<p>F\u00fcr Unternehmer gilt erg\u00e4nzend: Wir behalten uns das Eigentum an der Ware bis zur vollst\u00e4ndigen Begleichung aller Forderungen aus einer laufenden Gesch\u00e4ftsbeziehung vor. Sie d\u00fcrfen die Vorbehaltsware im ordentlichen Gesch\u00e4ftsbetrieb weiterver\u00e4u\u00dfern; s\u00e4mtliche aus diesem Weiterverkauf entstehenden Forderungen treten Sie \u2013 unabh\u00e4ngig von einer Verbindung oder Vermischung der Vorbehaltsware mit einer neuen Sache &#8211; in H\u00f6he des Rechnungsbetrages an uns im Voraus ab, und wir nehmen diese Abtretung an. Sie bleiben zur Einziehung der Forderungen erm\u00e4chtigt, wir d\u00fcrfen Forderungen jedoch auch selbst einziehen, soweit Sie Ihren Zahlungsverpflichtungen nicht nachkommen.<\/p>\n<p>7. Gew\u00e4hrleistung und Garantien<\/p>\n<p>Es gilt das gesetzliche M\u00e4ngelhaftungsrecht. Informationen zu gegebenenfalls geltenden zus\u00e4tzlichen Garantien und deren genaue Bedingungen finden Sie jeweils beim Produkt und auf besonderen Informationsseiten im Shop.<\/p>\n<p>8. Haftung<\/p>\n<p>F\u00fcr Anspr\u00fcche aufgrund von Sch\u00e4den, die durch uns, unsere gesetzlichen Vertreter oder Erf\u00fcllungsgehilfen verursacht wurden, haften wir stets unbeschr\u00e4nkt<\/p>\n<ul>\n<li>bei Verletzung des Lebens, des K\u00f6rpers oder der Gesundheit<\/li>\n<li>bei vors\u00e4tzlicher oder grob fahrl\u00e4ssiger Pflichtverletzung<\/li>\n<li>bei Garantieversprechen, soweit vereinbart<\/li>\n<li>soweit der Anwendungsbereich des Produkthaftungsgesetzes er\u00f6ffnet ist.<\/li>\n<\/ul>\n<p>Bei Verletzung wesentlicher Vertragspflichten, deren Erf\u00fcllung die ordnungsgem\u00e4\u00dfe Durchf\u00fchrung des Vertrages \u00fcberhaupt erst erm\u00f6glicht und auf deren Einhaltung der Vertragspartner regelm\u00e4\u00dfig vertrauen darf (Kardinalpflichten) durch leichte Fahrl\u00e4ssigkeit von uns, unseren gesetzlichen Vertretern oder Erf\u00fcllungsgehilfen ist die Haftung der H\u00f6he nach auf den bei Vertragsschluss vorhersehbaren Schaden begrenzt, mit dessen Entstehung typischerweise gerechnet werden muss.<\/p>\n<p>Im \u00dcbrigen sind Anspr\u00fcche auf Schadensersatz ausgeschlossen.<\/p>\n<p>9. Online-Streitbeilegung<\/p>\n<p>Online-Streitbeilegung gem\u00e4\u00df Art. 14 Abs. 1 ODR-VO: Die Europ\u00e4ische Kommission stellt eine Plattform zur Online-Streitbeilegung (OS) bereit, die Sie unter <a href=\"http:\/\/ec.europa.eu\/consumers\/odr\/\" rel=\"noopener noreferrer\" target=\"_blank\">http:\/\/ec.europa.eu\/consumers\/odr\/<\/a> finden.<\/p>\n<p>10. Schlussbestimmungen<\/p>\n<p>Sind Sie Unternehmer, dann gilt deutsches Recht unter Ausschluss des UN-Kaufrechts.<\/p>\n<p>Sind Sie Kaufmann im Sinne des Handelsgesetzbuches, juristische Person des \u00f6ffentlichen Rechts oder \u00f6ffentlich-rechtliches Sonderverm\u00f6gen, ist ausschlie\u00dflicher Gerichtsstand f\u00fcr alle Streitigkeiten aus Vertragsverh\u00e4ltnissen zwischen uns und Ihnen unser Gesch\u00e4ftssitz.<\/p>\n","protected":false},"author":2,"featured_media":0,"parent":0,"menu_order":10,"comment_status":"closed","ping_status":"closed","template":"page-privacy.php","meta":[],"categories":[],"tags":[],"_links":{"self":[{"href":"https:\/\/tonis-trueffel.com\/index.php?rest_route=\/wp\/v2\/pages\/47"}],"collection":[{"href":"https:\/\/tonis-trueffel.com\/index.php?rest_route=\/wp\/v2\/pages"}],"about":[{"href":"https:\/\/tonis-trueffel.com\/index.php?rest_route=\/wp\/v2\/types\/page"}],"author":[{"embeddable":true,"href":"https:\/\/tonis-trueffel.com\/index.php?rest_route=\/wp\/v2\/users\/2"}],"replies":[{"embeddable":true,"href":"https:\/\/tonis-trueffel.com\/index.php?rest_route=%2Fwp%2Fv2%2Fcomments&post=47"}],"version-history":[{"count":6,"href":"https:\/\/tonis-trueffel.com\/index.php?rest_route=\/wp\/v2\/pages\/47\/revisions"}],"predecessor-version":[{"id":160,"href":"https:\/\/tonis-trueffel.com\/index.php?rest_route=\/wp\/v2\/pages\/47\/revisions\/160"}],"wp:attachment":[{"href":"https:\/\/tonis-trueffel.com\/index.php?rest_route=%2Fwp%2Fv2%2Fmedia&parent=47"}],"wp:term":[{"taxonomy":"category","embeddable":true,"href":"https:\/\/tonis-trueffel.com\/index.php?rest_route=%2Fwp%2Fv2%2Fcategories&post=47"},{"taxonomy":"post_tag","embeddable":true,"href":"https:\/\/tonis-trueffel.com\/index.php?rest_route=%2Fwp%2Fv2%2Ftags&post=47"}],"curies":[{"name":"wp","href":"https:\/\/api.w.org\/{rel}","templated":true}]}}